{"id":8925,"date":"2025-12-10T10:04:05","date_gmt":"2025-12-10T08:04:05","guid":{"rendered":"https:\/\/ev-luth-gemeinde-rom.org\/?page_id=8925"},"modified":"2026-04-13T10:48:18","modified_gmt":"2026-04-13T08:48:18","slug":"oekumenische-vesper","status":"publish","type":"page","link":"https:\/\/ev-luth-gemeinde-rom.org\/it\/veranstaltungen\/srher\/oekumenische-vesper\/","title":{"rendered":"Assemblea generale della Comunit\u00e1"},"content":{"rendered":"<p>La Assemblea generale della Comunit\u00e1 si terr\u00e0 il 10 maggio 2026 alle ore 11:00 (dopo il culto).<\/p>\n<p>Si prega di consultare il notiziario per ulteriori informazioni.<\/p>","protected":false},"excerpt":{"rendered":"<p>La Assemblea generale della Comunit\u00e1 si terr\u00e0 il 10 maggio 2026 alle ore 11:00 (dopo il culto). Si prega di consultare il notiziario per ulteriori informazioni.<\/p>\n","protected":false},"author":8,"featured_media":0,"parent":8617,"menu_order":0,"comment_status":"closed","ping_status":"closed","template":"","meta":{"footnotes":""},"class_list":["post-8925","page","type-page","status-publish","hentry"],"_links":{"self":[{"href":"https:\/\/ev-luth-gemeinde-rom.org\/it\/wp-json\/wp\/v2\/pages\/8925","targetHints":{"allow":["GET"]}}],"collection":[{"href":"https:\/\/ev-luth-gemeinde-rom.org\/it\/wp-json\/wp\/v2\/pages"}],"about":[{"href":"https:\/\/ev-luth-gemeinde-rom.org\/it\/wp-json\/wp\/v2\/types\/page"}],"author":[{"embeddable":true,"href":"https:\/\/ev-luth-gemeinde-rom.org\/it\/wp-json\/wp\/v2\/users\/8"}],"replies":[{"embeddable":true,"href":"https:\/\/ev-luth-gemeinde-rom.org\/it\/wp-json\/wp\/v2\/comments?post=8925"}],"version-history":[{"count":17,"href":"https:\/\/ev-luth-gemeinde-rom.org\/it\/wp-json\/wp\/v2\/pages\/8925\/revisions"}],"predecessor-version":[{"id":9324,"href":"https:\/\/ev-luth-gemeinde-rom.org\/it\/wp-json\/wp\/v2\/pages\/8925\/revisions\/9324"}],"up":[{"embeddable":true,"href":"https:\/\/ev-luth-gemeinde-rom.org\/it\/wp-json\/wp\/v2\/pages\/8617"}],"wp:attachment":[{"href":"https:\/\/ev-luth-gemeinde-rom.org\/it\/wp-json\/wp\/v2\/media?parent=8925"}],"curies":[{"name":"wp","href":"https:\/\/api.w.org\/{rel}","templated":true}]}}