{"id":89,"date":"2014-07-03T18:58:34","date_gmt":"2014-07-03T16:58:34","guid":{"rendered":"https:\/\/ev-luth-gemeinde-rom.org\/?page_id=89"},"modified":"2022-03-30T12:24:49","modified_gmt":"2022-03-30T10:24:49","slug":"oekumene","status":"publish","type":"page","link":"https:\/\/ev-luth-gemeinde-rom.org\/it\/oekumene\/","title":{"rendered":"Ecumene"},"content":{"rendered":"<p><\/p>\n<h2 style=\"text-align: center;\"><strong>Il nostro impegno ecumenico<\/strong><\/h2>\n<figure id=\"attachment_5957\" aria-describedby=\"caption-attachment-5957\" style=\"width: 605px\" class=\"wp-caption alignright\"><img loading=\"lazy\" decoding=\"async\" class=\"wp-image-5957\" src=\"https:\/\/ev-luth-gemeinde-rom.org\/wp-content\/uploads\/2022\/03\/Cattura-2-2-300x198.jpg\" alt=\"\" width=\"605\" height=\"399\" srcset=\"https:\/\/ev-luth-gemeinde-rom.org\/wp-content\/uploads\/2022\/03\/Cattura-2-2-300x198.jpg 300w, https:\/\/ev-luth-gemeinde-rom.org\/wp-content\/uploads\/2022\/03\/Cattura-2-2-1024x677.jpg 1024w, https:\/\/ev-luth-gemeinde-rom.org\/wp-content\/uploads\/2022\/03\/Cattura-2-2-768x508.jpg 768w, https:\/\/ev-luth-gemeinde-rom.org\/wp-content\/uploads\/2022\/03\/Cattura-2-2.jpg 1418w\" sizes=\"auto, (max-width: 605px) 100vw, 605px\" \/><figcaption id=\"caption-attachment-5957\" class=\"wp-caption-text\">Papa Francesco 2015<\/figcaption><\/figure>\n<p>Per noi, chiesa minoritaria luterana, che vive in un ambiente in larga parte cattolico, l\u2019impegno\u00a0 ecumenico rappresenta una sfida speciale e, al tempo stesso, una grande opportunit\u00e0. Sta molto a cuore ai membri della comunit\u00e0; molti di loro hanno un coniuge cattolico; amici e colleghi, spesso, sono poco informati sulla tradizione luterana. A maggior ragione, quindi, bisogna conoscere ci\u00f2 che \u00e8 proprio e fare continua opera di mediazione al riguardo; cos\u00ec come \u00e8 importante curare e sviluppare i rapporti, ottimi, con le altre Chiese cristiane di Roma, soprattutto cattoliche. Uno dei passi pi\u00f9 importanti su questa via \u00e8 stata la visita di Benedetto XVI nella Christuskirche, nel marzo 2010, nel cui contesto fu celebrato un culto comune. Entrambe le parti misero l\u2019accento, in quell\u2019occasione, sulle cose comuni gi\u00e0 esistenti, da approfondire e rafforzare. Gi\u00e0 Giovanni Paolo II, nel 1983, aveva predicato dal pulpito della nostra chiesa. Oltre ad ottimi contatti col Vaticano, ci sono anche molte relazioni: con la Chiesa valdese; con la parrocchia cattolica di lingua tedesca di S. Maria dell\u2019Anima; con le Chiese di lingua inglese; con la Diocesi di Roma e con le parrocchie cattoliche del quatirere. Uno spaccato del ricco patrimonio di esperienze ecumeniche della Comunit\u00e0 luterana di Roma \u00e8 offerto dal volume, curato da J\u00fcrgen Kr\u00fcger e Jens-Martin Kruse <em>Ecumenismo a Roma. Esperienze, incontri e prospettive della Comunit\u00e0 evangelica luterana di Roma, <\/em>2010 (ted.\/it.).<\/p>\n<p>&nbsp;<\/p>\n<p>&nbsp;<\/p>","protected":false},"excerpt":{"rendered":"<p>Il nostro impegno ecumenico Per noi, chiesa minoritaria luterana, che vive in un ambiente in larga parte cattolico, l\u2019impegno\u00a0 ecumenico rappresenta una sfida speciale e, al tempo stesso, una grande opportunit\u00e0. Sta molto a cuore ai membri della comunit\u00e0; molti<\/p>\n","protected":false},"author":8,"featured_media":0,"parent":0,"menu_order":0,"comment_status":"closed","ping_status":"closed","template":"","meta":{"footnotes":""},"class_list":["post-89","page","type-page","status-publish","hentry"],"_links":{"self":[{"href":"https:\/\/ev-luth-gemeinde-rom.org\/it\/wp-json\/wp\/v2\/pages\/89","targetHints":{"allow":["GET"]}}],"collection":[{"href":"https:\/\/ev-luth-gemeinde-rom.org\/it\/wp-json\/wp\/v2\/pages"}],"about":[{"href":"https:\/\/ev-luth-gemeinde-rom.org\/it\/wp-json\/wp\/v2\/types\/page"}],"author":[{"embeddable":true,"href":"https:\/\/ev-luth-gemeinde-rom.org\/it\/wp-json\/wp\/v2\/users\/8"}],"replies":[{"embeddable":true,"href":"https:\/\/ev-luth-gemeinde-rom.org\/it\/wp-json\/wp\/v2\/comments?post=89"}],"version-history":[{"count":4,"href":"https:\/\/ev-luth-gemeinde-rom.org\/it\/wp-json\/wp\/v2\/pages\/89\/revisions"}],"predecessor-version":[{"id":5959,"href":"https:\/\/ev-luth-gemeinde-rom.org\/it\/wp-json\/wp\/v2\/pages\/89\/revisions\/5959"}],"wp:attachment":[{"href":"https:\/\/ev-luth-gemeinde-rom.org\/it\/wp-json\/wp\/v2\/media?parent=89"}],"curies":[{"name":"wp","href":"https:\/\/api.w.org\/{rel}","templated":true}]}}