{"id":49,"date":"2014-07-03T18:15:56","date_gmt":"2014-07-03T16:15:56","guid":{"rendered":"https:\/\/ev-luth-gemeinde-rom.org\/?page_id=49"},"modified":"2022-07-12T12:50:46","modified_gmt":"2022-07-12T10:50:46","slug":"nachbarschaften","status":"publish","type":"page","link":"https:\/\/ev-luth-gemeinde-rom.org\/it\/nachbarschaften\/","title":{"rendered":"Vicinati"},"content":{"rendered":"<p><\/p>\n<div class=\"entry-content\">\n<p style=\"margin: 0cm; margin-bottom: .0001pt; line-height: 18.0pt; vertical-align: baseline;\"><span style=\"font-family: Arial;\">Il territorio, in cui risiedono i membri della comunit\u00e0, \u00e8 molto vasto e, molto spesso, chi vuole partecipare alle sue attivit\u00e0 deve sobbarcarsi un tragitto lungo e faticoso. Cos\u00ec sono stati organizzati gli incontri di vicinato, in cui si incontrano persone che vivono in uno stesso territorio o quartiere. Negli incontri si sta in compagnia, si mangia insieme e si parla di questioni riguardanti la vita e la fede. Tutti sono invitati a parteciparvi!<\/span><\/p>\n<p style=\"line-height: 18.0pt; vertical-align: baseline; margin: 0cm 0cm 11.25pt 0cm;\"><span style=\"font-family: Arial;\">\u00a0<\/span><\/p>\n<p style=\"line-height: 18.0pt; vertical-align: baseline; margin: 0cm 0cm 11.25pt 0cm;\"><span style=\"font-family: Arial;\">Ecco i nostri gruppi di vicinato, con la cadenza degli incontri:\u00a0<\/span><\/p>\n\n<table id=\"tablepress-5-no-2\" class=\"tablepress tablepress-id-5\">\n<thead>\n<tr class=\"row-1\">\n\t<th class=\"column-1\">Nachbarschaft<\/th><th class=\"column-2\">Kontakt<\/th>\n<\/tr>\n<\/thead>\n<tbody class=\"row-striping row-hover\">\n<tr class=\"row-2\">\n\t<td class=\"column-1\">Casal Palocco:<br \/>\nDie Nachbarschaft trifft sich nach Absprache. - Il vicinato si incontra su appuntamento.<\/td><td class=\"column-2\"><\/td>\n<\/tr>\n<tr class=\"row-3\">\n\t<td class=\"column-1\">Rom-S\u00fcd: <br \/>\nDie Nachbarschaft trifft sich in der Regel jeden zweiten Montag im Monat. - Incontri il secondo luned\u00ec del mese<\/td><td class=\"column-2\">Maria Alberti <\/td>\n<\/tr>\n<tr class=\"row-4\">\n\t<td class=\"column-1\">Rom-West: <br \/>\nDie Nachbarschaft trifft sich einmal im Monat. - Incontri mensili <\/td><td class=\"column-2\">Gemeindeb\u00fcro (Tel.: 06.4817519)<\/td>\n<\/tr>\n<tr class=\"row-5\">\n\t<td class=\"column-1\">Gruppo Italiano:<br \/>\nDie italienische Gruppe trifft sich einmal im Monat. - Il gruppo si incontra una volta al mese.<\/td><td class=\"column-2\">Anna Belli (Tel.: 06.7915596)<\/td>\n<\/tr>\n<\/tbody>\n<\/table>\n\n<p>&nbsp;<\/p>\n<figure id=\"attachment_6546\" aria-describedby=\"caption-attachment-6546\" style=\"width: 662px\" class=\"wp-caption alignleft\"><img loading=\"lazy\" decoding=\"async\" class=\"wp-image-6546 \" src=\"https:\/\/ev-luth-gemeinde-rom.org\/wp-content\/uploads\/2022\/07\/IMG-20220531-WA0002-300x169.jpg\" alt=\"\" width=\"662\" height=\"373\" \/><figcaption id=\"caption-attachment-6546\" class=\"wp-caption-text\">Incontro del vicinato Roma-Sud<\/figcaption><\/figure>\n<\/div>\n<p><\/p>","protected":false},"excerpt":{"rendered":"<p>Il territorio, in cui risiedono i membri della comunit\u00e0, \u00e8 molto vasto e, molto spesso, chi vuole partecipare alle sue attivit\u00e0 deve sobbarcarsi un tragitto lungo e faticoso. Cos\u00ec sono stati organizzati gli incontri di vicinato, in cui si incontrano<\/p>\n","protected":false},"author":8,"featured_media":0,"parent":0,"menu_order":0,"comment_status":"closed","ping_status":"closed","template":"","meta":{"footnotes":""},"class_list":["post-49","page","type-page","status-publish","hentry"],"_links":{"self":[{"href":"https:\/\/ev-luth-gemeinde-rom.org\/it\/wp-json\/wp\/v2\/pages\/49","targetHints":{"allow":["GET"]}}],"collection":[{"href":"https:\/\/ev-luth-gemeinde-rom.org\/it\/wp-json\/wp\/v2\/pages"}],"about":[{"href":"https:\/\/ev-luth-gemeinde-rom.org\/it\/wp-json\/wp\/v2\/types\/page"}],"author":[{"embeddable":true,"href":"https:\/\/ev-luth-gemeinde-rom.org\/it\/wp-json\/wp\/v2\/users\/8"}],"replies":[{"embeddable":true,"href":"https:\/\/ev-luth-gemeinde-rom.org\/it\/wp-json\/wp\/v2\/comments?post=49"}],"version-history":[{"count":6,"href":"https:\/\/ev-luth-gemeinde-rom.org\/it\/wp-json\/wp\/v2\/pages\/49\/revisions"}],"predecessor-version":[{"id":8935,"href":"https:\/\/ev-luth-gemeinde-rom.org\/it\/wp-json\/wp\/v2\/pages\/49\/revisions\/8935"}],"wp:attachment":[{"href":"https:\/\/ev-luth-gemeinde-rom.org\/it\/wp-json\/wp\/v2\/media?parent=49"}],"curies":[{"name":"wp","href":"https:\/\/api.w.org\/{rel}","templated":true}]}}