{"id":47,"date":"2014-07-03T18:15:45","date_gmt":"2014-07-03T16:15:45","guid":{"rendered":"https:\/\/ev-luth-gemeinde-rom.org\/?page_id=47"},"modified":"2026-02-16T14:04:20","modified_gmt":"2026-02-16T12:04:20","slug":"frauenverein","status":"publish","type":"page","link":"https:\/\/ev-luth-gemeinde-rom.org\/it\/frauenverein\/","title":{"rendered":"Gruppo Donne"},"content":{"rendered":"<p>I nostri incontri si tengono sempre di mercoled\u00ec, alle h. 16.30; nella Sala della Comunit\u00e0. Nel nostro gruppo tutti sono benvenuti. Per noi \u00e8 importante stare in compagnia, scambiare esperienze e aiutarci vicendevolmente; cosa di cui fanno parte anche visitare ricoverati in ospedale, prendersi l\u2019incombenza di fare la spesa per un altro e fare visite per augurare buon compleanno. Con cadenza regolare, nel nostro gruppo si tengono conferenze su un gran numero di temi. In particolar modo, siamo impegnate, ogni anno, nella preparazione del Bazar, il cui ricavato \u00e8 destinato all\u2019attivit\u00e0 socio-assistenziale della nostra comunit\u00e0.<\/p>\n<p>Saremo liete di darvi il benvenuto alla nostra riunione del mercoled\u00ec!<\/p>\n<p>&nbsp;<\/p>\n<p>Chi \u00e8 interessato ad avere maggiori informazioni sul gruppo donne, fondato come Unione Femminile nel 1885, e a saperne di pi\u00f9 della sua storia, pu\u00f2 leggere il volume <strong>\u201cLe donne creano comunione \u2013 125\u00b0 anniversario dell\u2019Unione Femminile di Roma\u201d<\/strong>, acquistabile in segreteria al prezzo di \u20ac 10.<\/p>\n<p>&nbsp;<\/p>\n<h3>Date particolari<\/h3>\n<p><img loading=\"lazy\" decoding=\"async\" class=\"alignleft size-full wp-image-8814\" src=\"https:\/\/ev-luth-gemeinde-rom.org\/wp-content\/uploads\/2025\/11\/it-frauenkreis-termine.jpg\" alt=\"\" width=\"648\" height=\"311\" srcset=\"https:\/\/ev-luth-gemeinde-rom.org\/wp-content\/uploads\/2025\/11\/it-frauenkreis-termine.jpg 648w, https:\/\/ev-luth-gemeinde-rom.org\/wp-content\/uploads\/2025\/11\/it-frauenkreis-termine-300x144.jpg 300w\" sizes=\"auto, (max-width: 648px) 100vw, 648px\" \/><\/p>\n<h3><\/h3>\n<h3><\/h3>\n<h3><\/h3>\n<h3><\/h3>\n<h3><\/h3>\n<h3><\/h3>\n<h3><\/h3>\n<p>&nbsp;<\/p>\n<h3>Date fisse<\/h3>\n<ul>\n<li>Gruppo donne: ogni mercoled\u00ec h. 16 (d\u2019estate alle h. 16.30)<\/li>\n<li>Gita annuale l\u2019ultimo mercoled\u00ec di maggio<\/li>\n<li>Vendita delle corone dell\u2019Avvento: il venerd\u00ec precedente la I Domenica d\u2019Avvento<\/li>\n<li>Bazar di Natale: il sabato precedente la I Domenica d\u2019Avvento<\/li>\n<\/ul>\n<p>&nbsp;<\/p>\n<p>Gita della comunit\u00e0 2025<\/p>\n<p>&nbsp;<\/p>\n<p><img loading=\"lazy\" decoding=\"async\" class=\"alignleft size-full wp-image-8822\" src=\"https:\/\/ev-luth-gemeinde-rom.org\/wp-content\/uploads\/2025\/11\/1000131409.jpg\" alt=\"\" width=\"1600\" height=\"720\" srcset=\"https:\/\/ev-luth-gemeinde-rom.org\/wp-content\/uploads\/2025\/11\/1000131409.jpg 1600w, https:\/\/ev-luth-gemeinde-rom.org\/wp-content\/uploads\/2025\/11\/1000131409-300x135.jpg 300w, https:\/\/ev-luth-gemeinde-rom.org\/wp-content\/uploads\/2025\/11\/1000131409-1024x461.jpg 1024w, https:\/\/ev-luth-gemeinde-rom.org\/wp-content\/uploads\/2025\/11\/1000131409-768x346.jpg 768w, https:\/\/ev-luth-gemeinde-rom.org\/wp-content\/uploads\/2025\/11\/1000131409-1536x691.jpg 1536w\" sizes=\"auto, (max-width: 1600px) 100vw, 1600px\" \/><\/p>\n<p>&nbsp;<\/p>\n<p>&nbsp;<\/p>\n<p>&nbsp;<\/p>\n<p>&nbsp;<\/p>\n<p>&nbsp;<\/p>\n<p>&nbsp;<\/p>\n<p>&nbsp;<\/p>\n<p>&nbsp;<\/p>\n<p>&nbsp;<\/p>\n<p>&nbsp;<\/p>\n<p>&nbsp;<\/p>\n<p>&nbsp;<\/p>\n<p>&nbsp;<\/p>\n<p>&nbsp;<\/p>\n<p>&nbsp;<\/p>\n<p>&nbsp;<\/p>\n<p><img loading=\"lazy\" decoding=\"async\" class=\"alignleft size-full wp-image-8823\" src=\"https:\/\/ev-luth-gemeinde-rom.org\/wp-content\/uploads\/2025\/11\/1000131414.jpg\" alt=\"\" width=\"721\" height=\"1600\" srcset=\"https:\/\/ev-luth-gemeinde-rom.org\/wp-content\/uploads\/2025\/11\/1000131414.jpg 721w, https:\/\/ev-luth-gemeinde-rom.org\/wp-content\/uploads\/2025\/11\/1000131414-135x300.jpg 135w, https:\/\/ev-luth-gemeinde-rom.org\/wp-content\/uploads\/2025\/11\/1000131414-461x1024.jpg 461w, https:\/\/ev-luth-gemeinde-rom.org\/wp-content\/uploads\/2025\/11\/1000131414-692x1536.jpg 692w\" sizes=\"auto, (max-width: 721px) 100vw, 721px\" \/><\/p>\n<p>&nbsp;<\/p>\n<p>&nbsp;<\/p>\n<p>&nbsp;<\/p>\n<p>&nbsp;<\/p>\n<h3><\/h3>\n<p>&nbsp;<\/p>\n<p>&nbsp;<\/p>\n<h3><\/h3>\n<p>&nbsp;<\/p>\n<h3><\/h3>\n<h3><\/h3>\n<h3><\/h3>\n<h3><\/h3>\n<h3><\/h3>\n<h3><\/h3>\n<h3><\/h3>\n<p>&nbsp;<\/p>\n<p>&nbsp;<\/p>\n<p>&nbsp;<\/p>\n<p>&nbsp;<\/p>\n<p>&nbsp;<\/p>\n<p>&nbsp;<\/p>\n<p>&nbsp;<\/p>\n<p>&nbsp;<\/p>\n<p>&nbsp;<\/p>\n<p>&nbsp;<\/p>\n<p>&nbsp;<\/p>\n<p>&nbsp;<\/p>\n<p>&nbsp;<\/p>\n<p>&nbsp;<\/p>\n<p>&nbsp;<\/p>\n<p>&nbsp;<\/p>\n<p>&nbsp;<\/p>\n<p>&nbsp;<\/p>\n<p>&nbsp;<\/p>\n<p>&nbsp;<\/p>\n<p>&nbsp;<\/p>\n<p>&nbsp;<\/p>\n<p>&nbsp;<\/p>\n<h3><\/h3>\n<p>&nbsp;<\/p>\n<p>&nbsp;<\/p>\n<p>&nbsp;<\/p>","protected":false},"excerpt":{"rendered":"<p>I nostri incontri si tengono sempre di mercoled\u00ec, alle h. 16.30; nella Sala della Comunit\u00e0. Nel nostro gruppo tutti sono benvenuti. Per noi \u00e8 importante stare in compagnia, scambiare esperienze e aiutarci vicendevolmente; cosa di cui fanno parte anche visitare<\/p>\n","protected":false},"author":8,"featured_media":0,"parent":0,"menu_order":0,"comment_status":"closed","ping_status":"closed","template":"","meta":{"footnotes":""},"class_list":["post-47","page","type-page","status-publish","hentry"],"_links":{"self":[{"href":"https:\/\/ev-luth-gemeinde-rom.org\/it\/wp-json\/wp\/v2\/pages\/47","targetHints":{"allow":["GET"]}}],"collection":[{"href":"https:\/\/ev-luth-gemeinde-rom.org\/it\/wp-json\/wp\/v2\/pages"}],"about":[{"href":"https:\/\/ev-luth-gemeinde-rom.org\/it\/wp-json\/wp\/v2\/types\/page"}],"author":[{"embeddable":true,"href":"https:\/\/ev-luth-gemeinde-rom.org\/it\/wp-json\/wp\/v2\/users\/8"}],"replies":[{"embeddable":true,"href":"https:\/\/ev-luth-gemeinde-rom.org\/it\/wp-json\/wp\/v2\/comments?post=47"}],"version-history":[{"count":87,"href":"https:\/\/ev-luth-gemeinde-rom.org\/it\/wp-json\/wp\/v2\/pages\/47\/revisions"}],"predecessor-version":[{"id":9162,"href":"https:\/\/ev-luth-gemeinde-rom.org\/it\/wp-json\/wp\/v2\/pages\/47\/revisions\/9162"}],"wp:attachment":[{"href":"https:\/\/ev-luth-gemeinde-rom.org\/it\/wp-json\/wp\/v2\/media?parent=47"}],"curies":[{"name":"wp","href":"https:\/\/api.w.org\/{rel}","templated":true}]}}