{"id":45,"date":"2014-07-03T18:15:30","date_gmt":"2014-07-03T16:15:30","guid":{"rendered":"https:\/\/ev-luth-gemeinde-rom.org\/?page_id=45"},"modified":"2025-11-17T11:45:04","modified_gmt":"2025-11-17T09:45:04","slug":"gespraechskreis","status":"publish","type":"page","link":"https:\/\/ev-luth-gemeinde-rom.org\/it\/gespraechskreis\/","title":{"rendered":"Gruppo Visite"},"content":{"rendered":"<p><\/p>\n<h2>Tra i nostri membri di comunit\u00e0 ci sono persone che, per diverse ragioni, hanno difficolt\u00e0 a partecipare alle iniziative che si svolgono nella Casa della Comunit\u00e0 e in occasione del culto in chiesa. Ma sono dei nostri e sono membri importanti della comunit\u00e0. Perci\u00f2 abbiamo istituito un gruppo degli auguri di compleanno e un gruppo visite.<\/h2>\n<h2>Chi ha tempo, ed \u00e8 interessato a fare una telefonata di auguri di compleanno ad altri membri di comunit\u00e0, o ad andare a trovarli, \u00e8 invitato a far parte di questo gruppo.<\/h2>\n<p><\/p>","protected":false},"excerpt":{"rendered":"<p>Tra i nostri membri di comunit\u00e0 ci sono persone che, per diverse ragioni, hanno difficolt\u00e0 a partecipare alle iniziative che si svolgono nella Casa della Comunit\u00e0 e in occasione del culto in chiesa. Ma sono dei nostri e sono membri<\/p>\n","protected":false},"author":8,"featured_media":0,"parent":0,"menu_order":0,"comment_status":"closed","ping_status":"closed","template":"","meta":{"footnotes":""},"class_list":["post-45","page","type-page","status-publish","hentry"],"_links":{"self":[{"href":"https:\/\/ev-luth-gemeinde-rom.org\/it\/wp-json\/wp\/v2\/pages\/45","targetHints":{"allow":["GET"]}}],"collection":[{"href":"https:\/\/ev-luth-gemeinde-rom.org\/it\/wp-json\/wp\/v2\/pages"}],"about":[{"href":"https:\/\/ev-luth-gemeinde-rom.org\/it\/wp-json\/wp\/v2\/types\/page"}],"author":[{"embeddable":true,"href":"https:\/\/ev-luth-gemeinde-rom.org\/it\/wp-json\/wp\/v2\/users\/8"}],"replies":[{"embeddable":true,"href":"https:\/\/ev-luth-gemeinde-rom.org\/it\/wp-json\/wp\/v2\/comments?post=45"}],"version-history":[{"count":8,"href":"https:\/\/ev-luth-gemeinde-rom.org\/it\/wp-json\/wp\/v2\/pages\/45\/revisions"}],"predecessor-version":[{"id":8815,"href":"https:\/\/ev-luth-gemeinde-rom.org\/it\/wp-json\/wp\/v2\/pages\/45\/revisions\/8815"}],"wp:attachment":[{"href":"https:\/\/ev-luth-gemeinde-rom.org\/it\/wp-json\/wp\/v2\/media?parent=45"}],"curies":[{"name":"wp","href":"https:\/\/api.w.org\/{rel}","templated":true}]}}