{"id":415,"date":"2014-07-09T11:28:31","date_gmt":"2014-07-09T09:28:31","guid":{"rendered":"https:\/\/ev-luth-gemeinde-rom.org\/?page_id=415"},"modified":"2022-08-05T12:24:38","modified_gmt":"2022-08-05T10:24:38","slug":"diakonie","status":"publish","type":"page","link":"https:\/\/ev-luth-gemeinde-rom.org\/it\/diakonie\/","title":{"rendered":"Diaconia"},"content":{"rendered":"<p><\/p>\n<p style=\"line-height: 18.0pt; vertical-align: baseline; margin: 0cm 0cm 11.25pt 0cm;\"><span style=\"font-family: Arial; color: #000000;\">L\u2019attivit\u00e0 diaconale \u00e8, per i membri della comunit\u00e0, espressione importante della loro fede.<\/span><\/p>\n<p style=\"line-height: 18.0pt; vertical-align: baseline; margin: 0cm 0cm 11.25pt 0cm;\"><span style=\"font-family: Arial; color: #000000;\">Dal 1885, esiste il gruppo donne, dedicato, fin da allora, a compiti caritativi. Oggi \u00e8 composto, in gran parte, da persone anziane, che s\u2019incontrano una volta a settimana per scambiare opinioni, sostenersi a vicenda e, ogni anno, prima dell\u2019Avvento, fare corone dell\u2019Avvento e organizzare il grande Bazar della comunit\u00e0, il cui ricavato va ai compiti socio-assistenziali della diaconia. A settimane alterne, membri della comunit\u00e0 organizzano la colazione per i poveri del quartiere, che offre anche la possibilit\u00e0 di discorrere e di avere del vestiario. Inoltre, a giovani genitori di famiglie di migranti, appena arrivati a Roma e che desiderano stabilirsi qui, si procura un po\u2019 di sostegno con offerte di abbigliamento per bambini e pannolini.<\/span><\/p>\n<p><\/p>","protected":false},"excerpt":{"rendered":"<p>L\u2019attivit\u00e0 diaconale \u00e8, per i membri della comunit\u00e0, espressione importante della loro fede. Dal 1885, esiste il gruppo donne, dedicato, fin da allora, a compiti caritativi. Oggi \u00e8 composto, in gran parte, da persone anziane, che s\u2019incontrano una volta a<\/p>\n","protected":false},"author":8,"featured_media":0,"parent":0,"menu_order":0,"comment_status":"closed","ping_status":"closed","template":"","meta":{"footnotes":""},"class_list":["post-415","page","type-page","status-publish","hentry"],"_links":{"self":[{"href":"https:\/\/ev-luth-gemeinde-rom.org\/it\/wp-json\/wp\/v2\/pages\/415","targetHints":{"allow":["GET"]}}],"collection":[{"href":"https:\/\/ev-luth-gemeinde-rom.org\/it\/wp-json\/wp\/v2\/pages"}],"about":[{"href":"https:\/\/ev-luth-gemeinde-rom.org\/it\/wp-json\/wp\/v2\/types\/page"}],"author":[{"embeddable":true,"href":"https:\/\/ev-luth-gemeinde-rom.org\/it\/wp-json\/wp\/v2\/users\/8"}],"replies":[{"embeddable":true,"href":"https:\/\/ev-luth-gemeinde-rom.org\/it\/wp-json\/wp\/v2\/comments?post=415"}],"version-history":[{"count":6,"href":"https:\/\/ev-luth-gemeinde-rom.org\/it\/wp-json\/wp\/v2\/pages\/415\/revisions"}],"predecessor-version":[{"id":6626,"href":"https:\/\/ev-luth-gemeinde-rom.org\/it\/wp-json\/wp\/v2\/pages\/415\/revisions\/6626"}],"wp:attachment":[{"href":"https:\/\/ev-luth-gemeinde-rom.org\/it\/wp-json\/wp\/v2\/media?parent=415"}],"curies":[{"name":"wp","href":"https:\/\/api.w.org\/{rel}","templated":true}]}}