{"id":37,"date":"2014-07-03T18:14:19","date_gmt":"2014-07-03T16:14:19","guid":{"rendered":"https:\/\/ev-luth-gemeinde-rom.org\/?page_id=37"},"modified":"2026-02-24T13:55:54","modified_gmt":"2026-02-24T11:55:54","slug":"kinder-und-jugend","status":"publish","type":"page","link":"https:\/\/ev-luth-gemeinde-rom.org\/it\/kinder-und-jugend\/","title":{"rendered":"Bambini e giovani"},"content":{"rendered":"<p><\/p>\n<h2><\/h2>\n<h2><img loading=\"lazy\" decoding=\"async\" class=\"alignleft  wp-image-4401\" src=\"https:\/\/ev-luth-gemeinde-rom.org\/wp-content\/uploads\/2020\/09\/Kinderkirche-292x300.png\" alt=\"\" width=\"258\" height=\"265\" srcset=\"https:\/\/ev-luth-gemeinde-rom.org\/wp-content\/uploads\/2020\/09\/Kinderkirche-292x300.png 292w, https:\/\/ev-luth-gemeinde-rom.org\/wp-content\/uploads\/2020\/09\/Kinderkirche-535x550.png 535w, https:\/\/ev-luth-gemeinde-rom.org\/wp-content\/uploads\/2020\/09\/Kinderkirche.png 550w\" sizes=\"auto, (max-width: 258px) 100vw, 258px\" \/><\/h2>\n<p><span style=\"font-family: Arial; color: #000000;\">L\u2019attivit\u00e0 con bambini e giovani riveste un ruolo importante nella nostra comunit\u00e0, anche perch\u00e9 tra i membri ci sono sempre pi\u00f9 famiglie giovani. Queste famiglie si incontrano una volta al mese nel culto dei bambini. Per i giovani c\u2019\u00e8 il corso di Confermazione, che dura un anno e si conclude con la cerimonia di Confermazione. <\/span><\/p>\n<p>Di seguito troverete le date delle prossime funzioni religiose per bambini:<\/p>\n<p>1 febbraio 2026: Arca di No\u00e8<\/p>\n<p>8 marzo 2026: La pecorella smarrita<\/p>\n<p>29 marzo 2026: Domenica delle Palme: Ges\u00f9 entra a Gerusalemme<\/p>\n<p>26 aprile 2026: I discepoli di Emmaus<\/p>\n<p>24 maggio 2026: Pentecoste: Di vento e lingue di fuoco<\/p>\n<p>&nbsp;<\/p>","protected":false},"excerpt":{"rendered":"<p>L\u2019attivit\u00e0 con bambini e giovani riveste un ruolo importante nella nostra comunit\u00e0, anche perch\u00e9 tra i membri ci sono sempre pi\u00f9 famiglie giovani. Queste famiglie si incontrano una volta al mese nel culto dei bambini. Per i giovani c\u2019\u00e8 il<\/p>\n","protected":false},"author":8,"featured_media":0,"parent":0,"menu_order":0,"comment_status":"closed","ping_status":"closed","template":"","meta":{"footnotes":""},"class_list":["post-37","page","type-page","status-publish","hentry"],"_links":{"self":[{"href":"https:\/\/ev-luth-gemeinde-rom.org\/it\/wp-json\/wp\/v2\/pages\/37","targetHints":{"allow":["GET"]}}],"collection":[{"href":"https:\/\/ev-luth-gemeinde-rom.org\/it\/wp-json\/wp\/v2\/pages"}],"about":[{"href":"https:\/\/ev-luth-gemeinde-rom.org\/it\/wp-json\/wp\/v2\/types\/page"}],"author":[{"embeddable":true,"href":"https:\/\/ev-luth-gemeinde-rom.org\/it\/wp-json\/wp\/v2\/users\/8"}],"replies":[{"embeddable":true,"href":"https:\/\/ev-luth-gemeinde-rom.org\/it\/wp-json\/wp\/v2\/comments?post=37"}],"version-history":[{"count":24,"href":"https:\/\/ev-luth-gemeinde-rom.org\/it\/wp-json\/wp\/v2\/pages\/37\/revisions"}],"predecessor-version":[{"id":9179,"href":"https:\/\/ev-luth-gemeinde-rom.org\/it\/wp-json\/wp\/v2\/pages\/37\/revisions\/9179"}],"wp:attachment":[{"href":"https:\/\/ev-luth-gemeinde-rom.org\/it\/wp-json\/wp\/v2\/media?parent=37"}],"curies":[{"name":"wp","href":"https:\/\/api.w.org\/{rel}","templated":true}]}}