{"id":352,"date":"2014-07-08T12:27:26","date_gmt":"2014-07-08T10:27:26","guid":{"rendered":"https:\/\/ev-luth-gemeinde-rom.org\/?page_id=352"},"modified":"2023-03-03T11:10:22","modified_gmt":"2023-03-03T09:10:22","slug":"amtshandlungen","status":"publish","type":"page","link":"https:\/\/ev-luth-gemeinde-rom.org\/it\/amtshandlungen\/","title":{"rendered":"Atti amministrativi"},"content":{"rendered":"<p><\/p>\n<h2><strong>Battesimo<\/strong><\/h2>\n<p><strong>Che cos\u2019\u00e8 necessario per il Battesimo?<\/strong><\/p>\n<p>Per battezzare vostro figlio nella Chiesa luterana di Roma, uno dei genitori dev\u2019essere evangelico; per la conferma ci occorre un <strong>certificato d\u2019iscrizione alla comunit\u00e0<\/strong>. Inoltre, servono\u00a0<strong>certificato di nascita<\/strong>\u00a0del bambino e\u00a0<strong>certificato d\u2019idoneit\u00e0 al ruolo di padrino\/madrina<\/strong>\u00a0di tutti i padrini\/le madrine, di cui almeno uno\/una dev\u2019essere evangelico\/a.<\/p>\n<p><strong>Quando pu\u00f2 essere celebrato il Battesimo?<\/strong><strong>\u00a0<\/strong><\/p>\n<p>Di solito, il Battesimo \u00e8 celebrato di domenica, durante o dopo il culto. Ma \u00e8 possibile celebrarlo anche in altri giorni della settimana, se necessario, dopo aver preso accordi con il Pastore.<\/p>\n<p><strong>Come posso prendere contatto?<\/strong><strong>\u00a0<\/strong><\/p>\n<p>Per concordare una data per il Battesimo, contattate la segreteria, per telefono o via e-mail: \u00a0<a href=\"mailtool:roma@chiesaluterana.it\">roma@chiesaluterana.it<\/a>\u00a0. Poi, riempite il modulo di richiesta\u00a0del Battesimo e inviatecelo. <u>T<\/u>utti gli altri particolari saranno oggetto di accordi presi durante il colloquio col Pastore. <u><a href=\"https:\/\/dailyverses.net\/it\/battesimo\">Qui<\/a> <\/u>trovate informazioni su versetti biblici tra cui scegliere quello del Battesimo.<\/p>\n<p>&nbsp;<\/p>\n<h2><strong>Nozze<\/strong><\/h2>\n<p><strong>Che cos\u2019\u00e8 necessario per le nozze?<\/strong><strong>\u00a0<\/strong><\/p>\n<p>Se desiderate sposarvi nella Chiesa luterana di Roma, vi occorre il certificato della vostra comunit\u00e0 di provenienza e il certificato di stato libero. Inoltre, \u00e8 necessario che almeno uno degli sposi sia evangelico.<\/p>\n<p><strong>Quando possono aver luogo le nozze?<\/strong><strong>\u00a0<\/strong><\/p>\n<p>Le nozze possono essere celebrate ogni giorno, ad eccezione del sabato. Inviate la vostra proposta di una data alla nostra segreteria (roma@chiesaluterana.it).<\/p>\n<p><strong>Come posso prendere contatto?<\/strong><strong>\u00a0<\/strong><\/p>\n<p>Contattate la segreteria per telefono o via e-mail (roma@chiesaluterana.it). Poi, riempite il modulo di richiesta delle nozze e inviatecelo. Tutti gli altri particolari saranno concordati durante il colloquio col Pastore.<\/p>\n<p>&nbsp;<\/p>\n<h2><strong>Confermazione<\/strong><\/h2>\n<p><strong>Confermazione \u2013 per chi \u00e8?<\/strong><strong>\u00a0<\/strong><\/p>\n<p>Chi ha circa 13 anni e voglia di scoprire, insieme con altri, la Chiesa e la fede, \u00e8 inviato a partecipare alle lezioni per i confermandi. \u00c8 importante essere gi\u00e0 stati battezzati; in caso, il Battesimo pu\u00f2 essere impartito anche da noi.<\/p>\n<p><strong>Lezioni di Confermazione, e cio\u00e8?<\/strong><\/p>\n<p>Il corso di Confermazione dura un anno scarso. Le lezioni si tengono ogni 3 settimane circa, di pomeriggio, di solito nella Sala della Comunit\u00e0 in via Toscana 7. Dopo le ferie estive c\u2019\u00e8 un incontro di presentazione del corso, rivolto ai confermandi e ai loro genitori, che si svolge in via Toscana 7. Le date si trovano nel bollettino della comunit\u00e0.<\/p>\n<p><strong>Quando ha luogo la Confermazione?\u00a0<\/strong><\/p>\n<p>La prossima confermazione si terr\u00e0<strong><u> a Pentecoste.<br \/>\n<\/u><\/strong><\/p>\n<p><strong>Come posso prendere contatto?<\/strong><strong>\u00a0<\/strong><\/p>\n<p>Contattate la segreteria per telefono o via e-mail (roma@chiesaluterana.it). Riempite il modulo di richiesta per la Confermazione e inviatecelo.<\/p>\n<h2><\/h2>\n<p><\/p>","protected":false},"excerpt":{"rendered":"<p>Battesimo Che cos\u2019\u00e8 necessario per il Battesimo? Per battezzare vostro figlio nella Chiesa luterana di Roma, uno dei genitori dev\u2019essere evangelico; per la conferma ci occorre un certificato d\u2019iscrizione alla comunit\u00e0. Inoltre, servono\u00a0certificato di nascita\u00a0del bambino e\u00a0certificato d\u2019idoneit\u00e0 al ruolo<\/p>\n","protected":false},"author":8,"featured_media":0,"parent":0,"menu_order":0,"comment_status":"closed","ping_status":"closed","template":"","meta":{"footnotes":""},"class_list":["post-352","page","type-page","status-publish","hentry"],"_links":{"self":[{"href":"https:\/\/ev-luth-gemeinde-rom.org\/it\/wp-json\/wp\/v2\/pages\/352","targetHints":{"allow":["GET"]}}],"collection":[{"href":"https:\/\/ev-luth-gemeinde-rom.org\/it\/wp-json\/wp\/v2\/pages"}],"about":[{"href":"https:\/\/ev-luth-gemeinde-rom.org\/it\/wp-json\/wp\/v2\/types\/page"}],"author":[{"embeddable":true,"href":"https:\/\/ev-luth-gemeinde-rom.org\/it\/wp-json\/wp\/v2\/users\/8"}],"replies":[{"embeddable":true,"href":"https:\/\/ev-luth-gemeinde-rom.org\/it\/wp-json\/wp\/v2\/comments?post=352"}],"version-history":[{"count":24,"href":"https:\/\/ev-luth-gemeinde-rom.org\/it\/wp-json\/wp\/v2\/pages\/352\/revisions"}],"predecessor-version":[{"id":6913,"href":"https:\/\/ev-luth-gemeinde-rom.org\/it\/wp-json\/wp\/v2\/pages\/352\/revisions\/6913"}],"wp:attachment":[{"href":"https:\/\/ev-luth-gemeinde-rom.org\/it\/wp-json\/wp\/v2\/media?parent=352"}],"curies":[{"name":"wp","href":"https:\/\/api.w.org\/{rel}","templated":true}]}}