{"id":291,"date":"2014-07-05T11:57:55","date_gmt":"2014-07-05T09:57:55","guid":{"rendered":"https:\/\/ev-luth-gemeinde-rom.org\/?page_id=291"},"modified":"2025-11-14T11:24:46","modified_gmt":"2025-11-14T09:24:46","slug":"ueber-uns","status":"publish","type":"page","link":"https:\/\/ev-luth-gemeinde-rom.org\/it\/ueber-uns\/","title":{"rendered":"Chi siamo"},"content":{"rendered":"<p><img loading=\"lazy\" decoding=\"async\" class=\"alignleft wp-image-5940\" src=\"https:\/\/ev-luth-gemeinde-rom.org\/wp-content\/uploads\/2022\/03\/Apsis-Jesus-215x300.jpg\" alt=\"\" width=\"324\" height=\"452\" srcset=\"https:\/\/ev-luth-gemeinde-rom.org\/wp-content\/uploads\/2022\/03\/Apsis-Jesus-215x300.jpg 215w, https:\/\/ev-luth-gemeinde-rom.org\/wp-content\/uploads\/2022\/03\/Apsis-Jesus.jpg 671w\" sizes=\"auto, (max-width: 324px) 100vw, 324px\" \/><\/p>\n<p>Siamo una comunit\u00e0 che parla tedesco e italiano e, dal 1949, siamo membri della Chiesa Evangelica Luterana in Italia (<a href=\"https:\/\/ev-luth-gemeinde-rom.org\/elki\/\">CELI<\/a>). Siamo in stretti rapporti con la Chiesa Evangelica in Germania (EKD) e con la Federazione Luterana Mondiale.<\/p>\n<p>La nostra comunit\u00e0 annovera circa 500 membri, che vivono a Roma e in tutto il Lazio. Tutti contribuiscono a rendere varia e interessante la vita della nostra comunit\u00e0.<\/p>\n<p>&nbsp;<\/p>\n<p>Cuore pulsante della nostra vita comunitaria \u00e8 il culto, che si celebra ogni domenica alle h. 10 nella nostra Christuskirche, Chiesa del Cristo. Il culto delle h. 10 \u00e8 in tedesco; la quarta domenica del mese \u00e8 bilingue tedesco\/italiano. Il culto in italiano si celebra mensilmente, da ottobre a giugno, la seconda domenica, alle h. 17 ed \u00e8 preceduto da un concerto d\u2019organo dalle h. 16.30.<\/p>\n<p>Se desiderate conoscerci, venite la domenica al <a href=\"https:\/\/ev-luth-gemeinde-rom.org\/termine\/\">culto<\/a> oppure ad una delle nostre <a href=\"https:\/\/ev-luth-gemeinde-rom.org\/it\/veranstaltungen\/\">iniziative<\/a>. Ci fa sempre piacere conoscere persone nuove!<\/p>\n<p>Magari vi piacerebbe dare un\u2019occhiata gi\u00e0 ora alla nostra chiesa? Allora, cliccate su <a href=\"https:\/\/ev-luth-gemeinde-rom.org\/die-christuskirche-von-innen\/\">questo link<\/a>!<\/p>\n<p>Vorreste farne parte? <a href=\"https:\/\/ev-luth-gemeinde-rom.org\/mitglied-werden\/\">Diventare membro<\/a><\/p>","protected":false},"excerpt":{"rendered":"<p>Siamo una comunit\u00e0 che parla tedesco e italiano e, dal 1949, siamo membri della Chiesa Evangelica Luterana in Italia (CELI). Siamo in stretti rapporti con la Chiesa Evangelica in Germania (EKD) e con la Federazione Luterana Mondiale. La nostra comunit\u00e0<\/p>\n","protected":false},"author":8,"featured_media":0,"parent":0,"menu_order":0,"comment_status":"closed","ping_status":"closed","template":"","meta":{"footnotes":""},"class_list":["post-291","page","type-page","status-publish","hentry"],"_links":{"self":[{"href":"https:\/\/ev-luth-gemeinde-rom.org\/it\/wp-json\/wp\/v2\/pages\/291","targetHints":{"allow":["GET"]}}],"collection":[{"href":"https:\/\/ev-luth-gemeinde-rom.org\/it\/wp-json\/wp\/v2\/pages"}],"about":[{"href":"https:\/\/ev-luth-gemeinde-rom.org\/it\/wp-json\/wp\/v2\/types\/page"}],"author":[{"embeddable":true,"href":"https:\/\/ev-luth-gemeinde-rom.org\/it\/wp-json\/wp\/v2\/users\/8"}],"replies":[{"embeddable":true,"href":"https:\/\/ev-luth-gemeinde-rom.org\/it\/wp-json\/wp\/v2\/comments?post=291"}],"version-history":[{"count":27,"href":"https:\/\/ev-luth-gemeinde-rom.org\/it\/wp-json\/wp\/v2\/pages\/291\/revisions"}],"predecessor-version":[{"id":8799,"href":"https:\/\/ev-luth-gemeinde-rom.org\/it\/wp-json\/wp\/v2\/pages\/291\/revisions\/8799"}],"wp:attachment":[{"href":"https:\/\/ev-luth-gemeinde-rom.org\/it\/wp-json\/wp\/v2\/media?parent=291"}],"curies":[{"name":"wp","href":"https:\/\/api.w.org\/{rel}","templated":true}]}}