{"id":161,"date":"2014-07-03T21:03:51","date_gmt":"2014-07-03T19:03:51","guid":{"rendered":"https:\/\/ev-luth-gemeinde-rom.org\/?page_id=161"},"modified":"2022-07-29T15:08:07","modified_gmt":"2022-07-29T13:08:07","slug":"anfahrt","status":"publish","type":"page","link":"https:\/\/ev-luth-gemeinde-rom.org\/it\/anfahrt\/","title":{"rendered":"Dove siamo"},"content":{"rendered":"<p>La nostra comunit\u00e0 si trova nel centro di Roma. L\u2019ufficio parrocchiale \u00e8 in Via Toscana 7. Girato l\u2019angolo di Via Toscana, in Via Sicilia 70, c\u2019\u00e8 l\u2019entrata nella chiesa. Siamo facilmente raggiungibili con la macchina siccome non facciamo parte della Zona a Traffico Limitato. Durante la settimana non \u00e8 facile trovare un parcheggio per\u00f2 si pu\u00f2 raggiungerci molto bene prendendo i mezzi pubblici.<\/p>\n<p>Arrivo in autobus o in metropolitana: Le linee d\u2019autobus 52, 63, 83, 80 si fermano in Via Boncompagni (traversa di Via Toscana). Oltre c\u2019\u00e8 la fermata delle linee 53, 61, 100, 160 e 590 in Via V. Veneto. Tutte le linee passano la Piazza Barberini che si pu\u00f2 raggiungere anche con la metro. Per arrivare alla nostra chiesa ci vogliono 15 minuti a piedi dalla Stazione Metro.<\/p>\n<p>&nbsp;<\/p>\n<p><\/p>","protected":false},"excerpt":{"rendered":"<p>La nostra comunit\u00e0 si trova nel centro di Roma. L\u2019ufficio parrocchiale \u00e8 in Via Toscana 7. Girato l\u2019angolo di Via Toscana, in Via Sicilia 70, c\u2019\u00e8 l\u2019entrata nella chiesa. Siamo facilmente raggiungibili con la macchina siccome non facciamo parte della<\/p>\n","protected":false},"author":8,"featured_media":0,"parent":0,"menu_order":0,"comment_status":"closed","ping_status":"closed","template":"","meta":{"footnotes":""},"class_list":["post-161","page","type-page","status-publish","hentry"],"_links":{"self":[{"href":"https:\/\/ev-luth-gemeinde-rom.org\/it\/wp-json\/wp\/v2\/pages\/161","targetHints":{"allow":["GET"]}}],"collection":[{"href":"https:\/\/ev-luth-gemeinde-rom.org\/it\/wp-json\/wp\/v2\/pages"}],"about":[{"href":"https:\/\/ev-luth-gemeinde-rom.org\/it\/wp-json\/wp\/v2\/types\/page"}],"author":[{"embeddable":true,"href":"https:\/\/ev-luth-gemeinde-rom.org\/it\/wp-json\/wp\/v2\/users\/8"}],"replies":[{"embeddable":true,"href":"https:\/\/ev-luth-gemeinde-rom.org\/it\/wp-json\/wp\/v2\/comments?post=161"}],"version-history":[{"count":12,"href":"https:\/\/ev-luth-gemeinde-rom.org\/it\/wp-json\/wp\/v2\/pages\/161\/revisions"}],"predecessor-version":[{"id":6604,"href":"https:\/\/ev-luth-gemeinde-rom.org\/it\/wp-json\/wp\/v2\/pages\/161\/revisions\/6604"}],"wp:attachment":[{"href":"https:\/\/ev-luth-gemeinde-rom.org\/it\/wp-json\/wp\/v2\/media?parent=161"}],"curies":[{"name":"wp","href":"https:\/\/api.w.org\/{rel}","templated":true}]}}