{"id":138,"date":"2014-07-03T20:14:44","date_gmt":"2014-07-03T18:14:44","guid":{"rendered":"https:\/\/ev-luth-gemeinde-rom.org\/?page_id=138"},"modified":"2022-08-01T12:20:15","modified_gmt":"2022-08-01T10:20:15","slug":"elki","status":"publish","type":"page","link":"https:\/\/ev-luth-gemeinde-rom.org\/it\/elki\/","title":{"rendered":"CELI"},"content":{"rendered":"<p><img loading=\"lazy\" decoding=\"async\" class=\"wp-image-5948 aligncenter\" src=\"https:\/\/ev-luth-gemeinde-rom.org\/wp-content\/uploads\/2022\/03\/Celi-logo-300x108.jpg\" alt=\"\" width=\"328\" height=\"118\" srcset=\"https:\/\/ev-luth-gemeinde-rom.org\/wp-content\/uploads\/2022\/03\/Celi-logo-300x108.jpg 300w, https:\/\/ev-luth-gemeinde-rom.org\/wp-content\/uploads\/2022\/03\/Celi-logo.jpg 310w\" sizes=\"auto, (max-width: 328px) 100vw, 328px\" \/><\/p>\n<h2 style=\"text-align: center;\"><strong>Chi o che cosa \u00e8 la CELI?<\/strong><\/h2>\n<p>La situazione politica incerta, seguita alla fine della II Guerra Mondiale, pose le comunit\u00e0 luterane, sparse in tutta Italia, davanti a una sfida: farcela senza aiuti dalla Germania. In tale contesto, si riunirono nella \u201cChiesa Evangelica Luterana in Italia\u201d (CELI), Chiesa indipendente dalla Germania e dalla EKD (o CEG, Chiesa Evangelica in Germania), di diritto italiano.<\/p>\n<p style=\"text-align: left;\">La CELI, come suggerisce il nome, \u00e8:<\/p>\n<p style=\"text-align: left;\">a. una Chiesa evangelica<br \/>\nb. una Chiesa luterana<br \/>\nc. una Chiesa minoritaria di diaspora<\/p>\n<p style=\"text-align: center;\"><strong>Una Chiesa evangelica<\/strong><\/p>\n<p style=\"text-align: left;\">Il termine \u201cevangelico\u201d deriva dal greco \u201ceuangelion\u201d, che significa \u201clieto messaggio\u201d, \u201clieta notizia\u201d. La definizione di \u201cevangelico\u201d \u00e8 nata nella Riforma: furono i gruppi stessi, nati da essa, a chiamarsi cos\u00ec, per rendere chiaro che, a differenza della Chiesa cattolica romana, si fondavano solo sul Vangelo di Ges\u00f9 Cristo, cos\u00ec come \u00e8 tramandato nella Sacra Scrittura (\u201csola Scriptura\u201d) per quanto concerne la loro professione di fede, il culto, i sacramenti, la dottrina e l\u2019etica.<\/p>\n<p style=\"text-align: center;\"><strong>Una Chiesa luterana<\/strong><\/p>\n<p style=\"text-align: left;\">Poich\u00e9 la\u00a0 CELI segue, in dottrina, etica e vita spirituale, i fondamenti stabiliti da Martin Lutero e dai teologi a lui associati, questa Chiessa si dice \u201cluterana\u201d, cio\u00e8 nel solco di Lutero. La CELI condivide, con altre Chiese evangeliche nate dalla Riforma, i fondamenti del credo (sola scriptura, sola gratia, sola fide, solus Christus) e le differenze fondamentali con la Chiesa cattolica romana (papato, concezione della Chiesa e del ministero, venerazione di Maria e dei santi, dottrina dei sacramenti).<\/p>\n<p style=\"text-align: center;\"><strong>Una Chiesa minoritaria di diaspora<\/strong><\/p>\n<p style=\"text-align: left;\">La CELI rappresenta una minoranza evangelica in un Paese in cui il 94% della popolazione \u00e8 cattolico romano. Annovera solo alcune migliaia di membri; le sue 15 comunit\u00e0 sono sparse in tutta Italia. Dal 1995, le relazioni tra Stato italiano e CELI sono regolate dalla legge n. 520, l\u2019Intesa. Si diventa membri della CELI iscrivendosi ad una delle sue comunit\u00e4, come cristiano battezzato. Per iscriversi occorre compilare una dichiarazione, in cui, tra l\u2019altro, ci si impegna a versare un contributo alla comunit\u00e0.<\/p>\n<p style=\"text-align: left;\">(Per ulteriori informazioni, visitate il\u00a0<a href=\"http:\/\/www.chiesaluterana.it\/\">sito della CELI<\/a>)<\/p>\n<p><\/p>","protected":false},"excerpt":{"rendered":"<p>Chi o che cosa \u00e8 la CELI? La situazione politica incerta, seguita alla fine della II Guerra Mondiale, pose le comunit\u00e0 luterane, sparse in tutta Italia, davanti a una sfida: farcela senza aiuti dalla Germania. In tale contesto, si riunirono<\/p>\n","protected":false},"author":8,"featured_media":0,"parent":0,"menu_order":0,"comment_status":"closed","ping_status":"closed","template":"","meta":{"footnotes":""},"class_list":["post-138","page","type-page","status-publish","hentry"],"_links":{"self":[{"href":"https:\/\/ev-luth-gemeinde-rom.org\/it\/wp-json\/wp\/v2\/pages\/138","targetHints":{"allow":["GET"]}}],"collection":[{"href":"https:\/\/ev-luth-gemeinde-rom.org\/it\/wp-json\/wp\/v2\/pages"}],"about":[{"href":"https:\/\/ev-luth-gemeinde-rom.org\/it\/wp-json\/wp\/v2\/types\/page"}],"author":[{"embeddable":true,"href":"https:\/\/ev-luth-gemeinde-rom.org\/it\/wp-json\/wp\/v2\/users\/8"}],"replies":[{"embeddable":true,"href":"https:\/\/ev-luth-gemeinde-rom.org\/it\/wp-json\/wp\/v2\/comments?post=138"}],"version-history":[{"count":11,"href":"https:\/\/ev-luth-gemeinde-rom.org\/it\/wp-json\/wp\/v2\/pages\/138\/revisions"}],"predecessor-version":[{"id":6615,"href":"https:\/\/ev-luth-gemeinde-rom.org\/it\/wp-json\/wp\/v2\/pages\/138\/revisions\/6615"}],"wp:attachment":[{"href":"https:\/\/ev-luth-gemeinde-rom.org\/it\/wp-json\/wp\/v2\/media?parent=138"}],"curies":[{"name":"wp","href":"https:\/\/api.w.org\/{rel}","templated":true}]}}