{"id":131,"date":"2014-07-03T20:09:35","date_gmt":"2014-07-03T18:09:35","guid":{"rendered":"https:\/\/ev-luth-gemeinde-rom.org\/?page_id=131"},"modified":"2022-03-30T12:14:02","modified_gmt":"2022-03-30T10:14:02","slug":"geschichte-2","status":"publish","type":"page","link":"https:\/\/ev-luth-gemeinde-rom.org\/it\/geschichte-2\/","title":{"rendered":"Storia"},"content":{"rendered":"<p><\/p>\n<h2 style=\"text-align: center;\"><strong>La nascita della comunit\u00e0<\/strong><\/h2>\n<figure id=\"attachment_5953\" aria-describedby=\"caption-attachment-5953\" style=\"width: 379px\" class=\"wp-caption alignleft\"><img loading=\"lazy\" decoding=\"async\" class=\"wp-image-5953\" src=\"https:\/\/ev-luth-gemeinde-rom.org\/wp-content\/uploads\/2022\/03\/Cattura-3-227x300.jpg\" alt=\"\" width=\"379\" height=\"501\" srcset=\"https:\/\/ev-luth-gemeinde-rom.org\/wp-content\/uploads\/2022\/03\/Cattura-3-227x300.jpg 227w, https:\/\/ev-luth-gemeinde-rom.org\/wp-content\/uploads\/2022\/03\/Cattura-3.jpg 673w\" sizes=\"auto, (max-width: 379px) 100vw, 379px\" \/><figcaption id=\"caption-attachment-5953\" class=\"wp-caption-text\">La Cappella nel Palazzo Caffarelli<\/figcaption><\/figure>\n<p>Cominci\u00f2 tutto con un volantino, affisso nell\u2019ottobre 1817 al Caff\u00e8 Greco, luogo d\u2019incontro dei tedeschi a Roma. Il volantino invitava a partecipare alla celebrazione del III centenario della Riforma, che avrebbe avuto luogo nella residenza del segretario della Legazione Prussiana. Sarebbe stato il primo culto evangelico nella citt\u00e0 del papa. Tutti coloro che vi presero parte ne furono cos\u00ec entusiasti che il Legato prussiano presso la S. Sede, Barthold Georg Niebuhr, e il suo vice, che sar\u00e0 poi il suo successore, Christian Josias von Bunsen, rivlsero una richiesta a Re Federico Guglielmo III di Prussia, che la accolse e, nel 1819, invi\u00f2 a Roma il primo pastore evangelico: Heinrich Schmieder. All\u2019inizio, i culti furono celebrati nello spazio, protetto da extraterritorialit\u00e0, della sede della Legazione prussiana sul Campidoglio. Niebuhr e Bunsen si occuparono di tutto quanto abbisognava alla giovane comunit\u00e0. Fu costruito un ospedale e si pens\u00f2 di erigere anche una scuola.<\/p>\n<p>Nel 1870, Roma divenne capitale del Regno d\u2019Italia: ora la comunit\u00e0 poteva uscire in pubblico, fuori dallo spazio protetto dell\u2019ambasciata. Fino al 1915, i culti continuarono, comunque, ad essere tenuti nella cappella, edificata dentro l\u2019ambasciata, a Palazzo Caffarelli.<\/p>\n<p>&nbsp;<\/p>\n<p><strong>La Christuskirche, Chiesa del Cristo<\/strong><\/p>\n<p>Ma la comunit\u00e0 pens\u00f2 di erigere una propria chiesa e, a tal fine, raccolse fondi in Germania. Nel 1889 era gi\u00e0 stato acquistato il lotto di terreno, particella dell\u2019ex Villa Ludovisi (la zona, nell\u2019antichit\u00e0, aveva ospitato gli Horti Sallustiani). Secondo l\u2019Imperatore Guglielmo II, l costruzione doveva avere un carattere visibilmente protestante. Incaric\u00f2 del progetto il suo architetto preferito, Franz Schwechten, che aveva gi\u00e0 costruito la Chiesa della Rimembranza, a Berlino. Le citt\u00e0 della Germania Centrale, legate alla vita e all\u2019opera di Lutero, offrirono materiali edilizi per la nuova chiesa. Il campanile fu dotato di una copia del gruppo campanario della Chiesa del Castello di Wittenberg.<\/p>\n<p>&nbsp;<\/p>\n<p>&nbsp;<\/p>\n<p>&nbsp;<\/p>\n<figure id=\"attachment_5942\" aria-describedby=\"caption-attachment-5942\" style=\"width: 608px\" class=\"wp-caption alignleft\"><img loading=\"lazy\" decoding=\"async\" class=\"wp-image-5942\" src=\"https:\/\/ev-luth-gemeinde-rom.org\/wp-content\/uploads\/2022\/03\/Kirche-ganz-Innenansicht-300x200.jpg\" alt=\"\" width=\"608\" height=\"405\" srcset=\"https:\/\/ev-luth-gemeinde-rom.org\/wp-content\/uploads\/2022\/03\/Kirche-ganz-Innenansicht-300x200.jpg 300w, https:\/\/ev-luth-gemeinde-rom.org\/wp-content\/uploads\/2022\/03\/Kirche-ganz-Innenansicht-1024x683.jpg 1024w, https:\/\/ev-luth-gemeinde-rom.org\/wp-content\/uploads\/2022\/03\/Kirche-ganz-Innenansicht-768x513.jpg 768w, https:\/\/ev-luth-gemeinde-rom.org\/wp-content\/uploads\/2022\/03\/Kirche-ganz-Innenansicht.jpg 1404w\" sizes=\"auto, (max-width: 608px) 100vw, 608px\" \/><figcaption id=\"caption-attachment-5942\" class=\"wp-caption-text\">L`interno della Christuskirche<\/figcaption><\/figure>\n<p>Dopo alcuni ritardi, causati dalla Prima Guerra Mondiale, la Christuskirche fu consacrata nel 1922. La facciata sobria, di travertino, \u00e8 ornata di lesene e di tre nicchie, che contengono ognuna una statua. Da sinistra a destra: Pietro, Cristo e Paolo.<\/p>\n<p>L\u2019interno \u00e8 caratterizzato dallo stile romanico, con archi a tutto sesto e mosaici. I mosaici, con l\u2019eccezione del Cristo Pantokrator nel catino absidale, raffigurano quasi esclusivamente fantasie geometriche. L\u2019aquila del pulpito riecheggia gli ornamenti dei pulpiti dell\u2019Italia Meridionale del XII-XIII sec. e allude sia all\u2019evangelista Giovanni sia all\u2019arte legata alla Casa di Svevia. Nella navata destra si trova il fonte battesimale: la conca \u00e8 di Wilhelm Hopfgarten; la base \u00e8 un modello d\u2019argilla di Bertel Thorwaldsen, fatto per il fonte battesimale che si trova nella chiesa di Brahetrolleborg a F\u00fchen, Danimarca. Davanti al fonte battesimale si trovano un crocifisso e due candelabri della cappella di Legazione. Sempre da questa cappella, che non esiste pi\u00f9, vengono anche sei tondi: cinque si trovano nello spazio del culto e rappresentano i quattro evangelisti e Cristo; il quinto si trova nell\u2019atrio e raffigura Giovanni Battista.<br \/>\nL\u2019organo Steinmeyer \u00e8 stato ideato da un allievo di Max Reger.<\/p>\n<p>&nbsp;<\/p>","protected":false},"excerpt":{"rendered":"<p>La nascita della comunit\u00e0 Cominci\u00f2 tutto con un volantino, affisso nell\u2019ottobre 1817 al Caff\u00e8 Greco, luogo d\u2019incontro dei tedeschi a Roma. Il volantino invitava a partecipare alla celebrazione del III centenario della Riforma, che avrebbe avuto luogo nella residenza del<\/p>\n","protected":false},"author":8,"featured_media":0,"parent":0,"menu_order":0,"comment_status":"closed","ping_status":"closed","template":"","meta":{"footnotes":""},"class_list":["post-131","page","type-page","status-publish","hentry"],"_links":{"self":[{"href":"https:\/\/ev-luth-gemeinde-rom.org\/it\/wp-json\/wp\/v2\/pages\/131","targetHints":{"allow":["GET"]}}],"collection":[{"href":"https:\/\/ev-luth-gemeinde-rom.org\/it\/wp-json\/wp\/v2\/pages"}],"about":[{"href":"https:\/\/ev-luth-gemeinde-rom.org\/it\/wp-json\/wp\/v2\/types\/page"}],"author":[{"embeddable":true,"href":"https:\/\/ev-luth-gemeinde-rom.org\/it\/wp-json\/wp\/v2\/users\/8"}],"replies":[{"embeddable":true,"href":"https:\/\/ev-luth-gemeinde-rom.org\/it\/wp-json\/wp\/v2\/comments?post=131"}],"version-history":[{"count":8,"href":"https:\/\/ev-luth-gemeinde-rom.org\/it\/wp-json\/wp\/v2\/pages\/131\/revisions"}],"predecessor-version":[{"id":5956,"href":"https:\/\/ev-luth-gemeinde-rom.org\/it\/wp-json\/wp\/v2\/pages\/131\/revisions\/5956"}],"wp:attachment":[{"href":"https:\/\/ev-luth-gemeinde-rom.org\/it\/wp-json\/wp\/v2\/media?parent=131"}],"curies":[{"name":"wp","href":"https:\/\/api.w.org\/{rel}","templated":true}]}}